{"id":191,"date":"2026-02-03T08:21:57","date_gmt":"2026-02-03T08:21:57","guid":{"rendered":"https:\/\/kimilahti.fi\/?page_id=191"},"modified":"2026-02-03T08:24:22","modified_gmt":"2026-02-03T08:24:22","slug":"tietosuojaseloste","status":"publish","type":"page","link":"https:\/\/kimilahti.fi\/?page_id=191","title":{"rendered":"Tietosuojaseloste"},"content":{"rendered":"<h2 class=\"wp-block-post-title has-large-font-size\">Tietosuojaseloste<\/h2>\n\n\n<div class=\"wp-block-group is-vertical is-layout-flex wp-container-core-group-is-layout-fe9cc265 wp-block-group-is-layout-flex\">\n<div class=\"wp-block-group is-vertical is-layout-flex wp-container-core-group-is-layout-fe9cc265 wp-block-group-is-layout-flex\">\n<h2 class=\"wp-block-heading\">Rekisterinpit\u00e4j\u00e4<\/h2>\n\n\n\n<p class=\"gb-text\">Kimi Lahti<br>kimi.lahti01@gmail.com<\/p>\n<\/div>\n<\/div>\n\n\n\n<div class=\"wp-block-group is-vertical is-layout-flex wp-container-core-group-is-layout-fe9cc265 wp-block-group-is-layout-flex\">\n<div class=\"wp-block-group is-vertical is-layout-flex wp-container-core-group-is-layout-fe9cc265 wp-block-group-is-layout-flex\">\n<div class=\"wp-block-group is-layout-constrained wp-block-group-is-layout-constrained\">\n<h2 class=\"wp-block-heading\">Mit\u00e4 tietoja ker\u00e4t\u00e4\u00e4n<\/h2>\n\n\n\n<p class=\"gb-text\">Yhteydenottolomakkeen kautta ker\u00e4t\u00e4\u00e4n seuraavat henkil\u00f6tiedot:<\/p>\n\n\n\n<ul class=\"wp-block-list\">\n<li>nimi<\/li>\n\n\n\n<li>s\u00e4hk\u00f6postiosoite (pakollinen tieto)<\/li>\n\n\n\n<li>puhelinnumero<\/li>\n\n\n\n<li>viestin sis\u00e4lt\u00f6 (pakollinen tieto)<\/li>\n\n\n\n<li>tieto siit\u00e4, mill\u00e4 tavalla lomakkeen l\u00e4hett\u00e4j\u00e4 toivoo yhteydenoton tapahtuvan (pakollinen tieto)<\/li>\n<\/ul>\n<\/div>\n<\/div>\n<\/div>\n\n\n\n<div class=\"wp-block-group is-vertical is-layout-flex wp-container-core-group-is-layout-fe9cc265 wp-block-group-is-layout-flex\">\n<div class=\"wp-block-group is-vertical is-layout-flex wp-container-core-group-is-layout-fe9cc265 wp-block-group-is-layout-flex\">\n<div class=\"wp-block-group is-layout-constrained wp-block-group-is-layout-constrained\">\n<h2 class=\"wp-block-heading\">Mihin tarkoitukseen tietoja k\u00e4ytet\u00e4\u00e4n<\/h2>\n\n\n\n<p class=\"gb-text\">Henkil\u00f6tietoja k\u00e4ytet\u00e4\u00e4n ainoastaan:<\/p>\n\n\n\n<ul class=\"wp-block-list\">\n<li>yhteydenottoihin vastaamiseen<\/li>\n\n\n\n<li>ammatilliseen yhteydenpitoon<\/li>\n<\/ul>\n\n\n\n<p>Tietoja ei k\u00e4ytet\u00e4 markkinointiin eik\u00e4 luovuteta kolmansille osapuolille.<\/p>\n<\/div>\n<\/div>\n<\/div>\n\n\n\n<div class=\"wp-block-group is-vertical is-layout-flex wp-container-core-group-is-layout-fe9cc265 wp-block-group-is-layout-flex\">\n<div class=\"wp-block-group is-vertical is-layout-flex wp-container-core-group-is-layout-fe9cc265 wp-block-group-is-layout-flex\">\n<h2 class=\"wp-block-heading\">Tietojen s\u00e4ilytysaika<\/h2>\n\n\n\n<p class=\"gb-text\">Henkil\u00f6tietoja s\u00e4ilytet\u00e4\u00e4n vain niin kauan kuin yhteydenotto on ajankohtainen ja tarpeellinen. Tiedot poistetaan viimeist\u00e4\u00e4n 6 kuukauden kuluttua lomakkeen l\u00e4hett\u00e4misest\u00e4.<\/p>\n<\/div>\n<\/div>\n\n\n\n<div class=\"wp-block-group is-vertical is-layout-flex wp-container-core-group-is-layout-fe9cc265 wp-block-group-is-layout-flex\">\n<div class=\"wp-block-group is-vertical is-layout-flex wp-container-core-group-is-layout-fe9cc265 wp-block-group-is-layout-flex\">\n<h2 class=\"wp-block-heading\">Tietojen luovutus ja siirto<\/h2>\n\n\n\n<p class=\"gb-text\">Tietoja ei luovuteta ulkopuolisille tahoille. Viestit v\u00e4littyv\u00e4t s\u00e4hk\u00f6postitse rekisterinpit\u00e4j\u00e4lle ja tietoja k\u00e4sitell\u00e4\u00e4n luottamuksellisesti.<\/p>\n<\/div>\n<\/div>\n\n\n\n<div class=\"wp-block-group is-vertical is-layout-flex wp-container-core-group-is-layout-fe9cc265 wp-block-group-is-layout-flex\">\n<div class=\"wp-block-group is-vertical is-layout-flex wp-container-core-group-is-layout-fe9cc265 wp-block-group-is-layout-flex\">\n<div class=\"wp-block-group is-layout-constrained wp-block-group-is-layout-constrained\">\n<h2 class=\"wp-block-heading\">Rekister\u00f6idyn oikeudet<\/h2>\n\n\n\n<p class=\"gb-text\">Sinulla on oikeus:<\/p>\n\n\n\n<ul class=\"wp-block-list\">\n<li>pyyt\u00e4\u00e4 p\u00e4\u00e4sy\u00e4 sinua koskeviin henkil\u00f6tietoihin mik\u00e4li tietoja ei ole jo poistettu<\/li>\n\n\n\n<li>pyyt\u00e4\u00e4 tietojen oikaisua tai poistamista mik\u00e4li tietoja ei ole jo poistettu<\/li>\n\n\n\n<li>peruuttaa suostumuksesi tietojen k\u00e4sittelyyn mik\u00e4li tietoja ei ole jo poistettu<\/li>\n<\/ul>\n\n\n\n<p>Tietosuojaan liittyviss\u00e4 asioissa voit olla yhteydess\u00e4 rekisterinpit\u00e4j\u00e4\u00e4n.<\/p>\n<\/div>\n<\/div>\n<\/div>\n","protected":false},"excerpt":{"rendered":"<p>Rekisterinpit\u00e4j\u00e4 Kimi Lahtikimi.lahti01@gmail.com Mit\u00e4 tietoja ker\u00e4t\u00e4\u00e4n Yhteydenottolomakkeen kautta ker\u00e4t\u00e4\u00e4n seuraavat henkil\u00f6tiedot: Mihin tarkoitukseen tietoja k\u00e4ytet\u00e4\u00e4n Henkil\u00f6tietoja k\u00e4ytet\u00e4\u00e4n ainoastaan: Tietoja ei k\u00e4ytet\u00e4 markkinointiin eik\u00e4 luovuteta kolmansille osapuolille. Tietojen s\u00e4ilytysaika Henkil\u00f6tietoja s\u00e4ilytet\u00e4\u00e4n vain niin kauan kuin yhteydenotto on ajankohtainen ja tarpeellinen. Tiedot poistetaan viimeist\u00e4\u00e4n 6 kuukauden kuluttua lomakkeen l\u00e4hett\u00e4misest\u00e4. Tietojen luovutus ja siirto Tietoja ei luovuteta ulkopuolisille [&hellip;]<\/p>\n","protected":false},"author":1,"featured_media":0,"parent":0,"menu_order":0,"comment_status":"closed","ping_status":"closed","template":"blank","meta":{"footnotes":""},"class_list":["post-191","page","type-page","status-publish","hentry"],"_links":{"self":[{"href":"https:\/\/kimilahti.fi\/index.php?rest_route=\/wp\/v2\/pages\/191","targetHints":{"allow":["GET"]}}],"collection":[{"href":"https:\/\/kimilahti.fi\/index.php?rest_route=\/wp\/v2\/pages"}],"about":[{"href":"https:\/\/kimilahti.fi\/index.php?rest_route=\/wp\/v2\/types\/page"}],"author":[{"embeddable":true,"href":"https:\/\/kimilahti.fi\/index.php?rest_route=\/wp\/v2\/users\/1"}],"replies":[{"embeddable":true,"href":"https:\/\/kimilahti.fi\/index.php?rest_route=%2Fwp%2Fv2%2Fcomments&post=191"}],"version-history":[{"count":3,"href":"https:\/\/kimilahti.fi\/index.php?rest_route=\/wp\/v2\/pages\/191\/revisions"}],"predecessor-version":[{"id":195,"href":"https:\/\/kimilahti.fi\/index.php?rest_route=\/wp\/v2\/pages\/191\/revisions\/195"}],"wp:attachment":[{"href":"https:\/\/kimilahti.fi\/index.php?rest_route=%2Fwp%2Fv2%2Fmedia&parent=191"}],"curies":[{"name":"wp","href":"https:\/\/api.w.org\/{rel}","templated":true}]}}